{"id":7734,"date":"2022-09-16T23:24:47","date_gmt":"2022-09-16T21:24:47","guid":{"rendered":"https:\/\/wiretech.hr\/usluge\/"},"modified":"2022-10-25T11:18:53","modified_gmt":"2022-10-25T09:18:53","slug":"usluge","status":"publish","type":"page","link":"https:\/\/wiretech.hr\/hr\/usluge\/","title":{"rendered":"Usluge"},"content":{"rendered":"\t\t<div data-elementor-type=\"wp-page\" data-elementor-id=\"7734\" class=\"elementor elementor-7734 elementor-6626\">\n\t\t\t\t\t\t<section class=\"elementor-section elementor-inner-section elementor-element elementor-element-2d935df7 elementor-section-boxed elementor-section-height-default elementor-section-height-default\" data-id=\"2d935df7\" data-element_type=\"section\" data-e-type=\"section\">\n\t\t\t\t\t\t<div class=\"elementor-container elementor-column-gap-default\">\n\t\t\t\t\t<div class=\"elementor-column elementor-col-50 elementor-inner-column elementor-element elementor-element-491341a8\" data-id=\"491341a8\" data-element_type=\"column\" data-e-type=\"column\">\n\t\t\t<div class=\"elementor-widget-wrap elementor-element-populated\">\n\t\t\t\t\t\t<div class=\"elementor-element elementor-element-3506578a elementor-widget elementor-widget-restly_title\" data-id=\"3506578a\" data-element_type=\"widget\" data-e-type=\"widget\" data-widget_type=\"restly_title.default\">\n\t\t\t\t<div class=\"elementor-widget-container\">\n\t\t\t\t\t        <div class=\"restly-section-title-wrapper\">\r\n            <div class=\"restly-section-title\">\r\n                <h6 class=\"restly-section-stitle\"><span>Wiretech<\/span><\/h6>                <h2 class=\"restly-section-title\">Usluge<\/h2>\r\n            <\/div>\r\n        <\/div>\r\n        \t\t\t\t<\/div>\n\t\t\t\t<\/div>\n\t\t\t\t\t<\/div>\n\t\t<\/div>\n\t\t\t\t<div class=\"elementor-column elementor-col-50 elementor-inner-column elementor-element elementor-element-7490fda3\" data-id=\"7490fda3\" data-element_type=\"column\" data-e-type=\"column\">\n\t\t\t<div class=\"elementor-widget-wrap elementor-element-populated\">\n\t\t\t\t\t\t<div class=\"elementor-element elementor-element-3e5f1263 elementor-widget elementor-widget-restly_about\" data-id=\"3e5f1263\" data-element_type=\"widget\" data-e-type=\"widget\" data-widget_type=\"restly_about.default\">\n\t\t\t\t<div class=\"elementor-widget-container\">\n\t\t\t\t\t        <div class=\"restly-about-wrapper\">\r\n            <div class=\"restly-about-content text-left\">\r\n                                <h2 class=\"restly-about-stitle\"><span><\/span><\/h6>\r\n                                <h2 class=\"restly-about-title\"><\/h2>\r\n                <div class=\"restly-about-dec\">\r\n                    <p>Dosada\u0161nje iskustvo u \u0161irokom spektru usluga: elektrobravarski, instalaterski i monta\u017eni radovi, ispitivanja i asistencija u pu\u0161tanju u rad industrijskih pogona omogu\u0107uje nam preuzimanje zahtjevnih poslova u raznim industrijskim sektorima.<\/p>                <\/div>\r\n            <\/div>\r\n        <\/div>\r\n        \t\t\t\t<\/div>\n\t\t\t\t<\/div>\n\t\t\t\t\t<\/div>\n\t\t<\/div>\n\t\t\t\t\t<\/div>\n\t\t<\/section>\n\t\t\t\t<section class=\"elementor-section elementor-inner-section elementor-element elementor-element-38d578e4 elementor-section-boxed elementor-section-height-default elementor-section-height-default\" data-id=\"38d578e4\" data-element_type=\"section\" data-e-type=\"section\">\n\t\t\t\t\t\t<div class=\"elementor-container elementor-column-gap-default\">\n\t\t\t\t\t<div class=\"elementor-column elementor-col-33 elementor-inner-column elementor-element elementor-element-2e8276ab\" data-id=\"2e8276ab\" data-element_type=\"column\" data-e-type=\"column\">\n\t\t\t<div class=\"elementor-widget-wrap elementor-element-populated\">\n\t\t\t\t\t\t<div class=\"elementor-element elementor-element-33ef7e55 elementor-widget elementor-widget-service_box\" data-id=\"33ef7e55\" data-element_type=\"widget\" data-e-type=\"widget\" data-widget_type=\"service_box.default\">\n\t\t\t\t<div class=\"elementor-widget-container\">\n\t\t\t\t\t        <div class=\"restly-service-box-wrapper\">\r\n                   \r\n            <div class=\"restly-service-four-wrapper\">\r\n                <div class=\"restly-service-four-inner\">\r\n                    <div class=\"restly-service-four-item\">\r\n                        <div class=\"service-four-image\">\r\n                            <img fetchpriority=\"high\" decoding=\"async\" width=\"550\" height=\"600\" src=\"https:\/\/wiretech.hr\/wp-content\/uploads\/2022\/06\/Shipbuilding-industry.jpg\" class=\"attachment-full size-full\" alt=\"\" srcset=\"https:\/\/wiretech.hr\/wp-content\/uploads\/2022\/06\/Shipbuilding-industry.jpg 550w, https:\/\/wiretech.hr\/wp-content\/uploads\/2022\/06\/Shipbuilding-industry-275x300.jpg 275w\" sizes=\"(max-width: 550px) 100vw, 550px\" \/>                        <\/div>\r\n                        <div class=\"service-four-contnts\">\r\n                                                        <div class=\"service-four-title-area\">\r\n                                                                <h2 class=\"service-title-four\">\r\n                                <a href=\"https:\/\/wiretech.hr\/hr\/brodogradevna-industrija\/\" rel=\"nofollow\">                                Brodogra\u0111evna industrija                                <\/a>                                <\/h2>\r\n                            <\/div>\r\n                                                        <div class=\"service-four-icons service-icon-right\">\r\n                                                                                                        <a href=\"https:\/\/wiretech.hr\/hr\/brodogradevna-industrija\/\"  rel=\"nofollow\">\r\n                                                                        <i class=\" service-box-four-icon tran-04\"><\/i>\r\n                                                                        <\/a>\r\n                                                                                                <\/div>\r\n                                                    <\/div>\r\n                    <\/div>\r\n                <\/div>\r\n            <\/div>\r\n                        <\/div>\r\n        \t\t\t\t<\/div>\n\t\t\t\t<\/div>\n\t\t\t\t\t<\/div>\n\t\t<\/div>\n\t\t\t\t<div class=\"elementor-column elementor-col-33 elementor-inner-column elementor-element elementor-element-46bc42fa\" data-id=\"46bc42fa\" data-element_type=\"column\" data-e-type=\"column\">\n\t\t\t<div class=\"elementor-widget-wrap elementor-element-populated\">\n\t\t\t\t\t\t<div class=\"elementor-element elementor-element-4d9e94ca elementor-widget elementor-widget-service_box\" data-id=\"4d9e94ca\" data-element_type=\"widget\" data-e-type=\"widget\" data-widget_type=\"service_box.default\">\n\t\t\t\t<div class=\"elementor-widget-container\">\n\t\t\t\t\t        <div class=\"restly-service-box-wrapper\">\r\n                   \r\n            <div class=\"restly-service-four-wrapper\">\r\n                <div class=\"restly-service-four-inner\">\r\n                    <div class=\"restly-service-four-item\">\r\n                        <div class=\"service-four-image\">\r\n                            <img decoding=\"async\" width=\"550\" height=\"600\" src=\"https:\/\/wiretech.hr\/wp-content\/uploads\/2022\/06\/Oil-Gas-Industry.jpg\" class=\"attachment-full size-full\" alt=\"\" srcset=\"https:\/\/wiretech.hr\/wp-content\/uploads\/2022\/06\/Oil-Gas-Industry.jpg 550w, https:\/\/wiretech.hr\/wp-content\/uploads\/2022\/06\/Oil-Gas-Industry-275x300.jpg 275w\" sizes=\"(max-width: 550px) 100vw, 550px\" \/>                        <\/div>\r\n                        <div class=\"service-four-contnts\">\r\n                                                        <div class=\"service-four-title-area\">\r\n                                                                <h2 class=\"service-title-four\">\r\n                                <a href=\"https:\/\/wiretech.hr\/hr\/industrija-nafte-i-plina\/\" rel=\"nofollow\">                                Industrija nafte i plina                                <\/a>                                <\/h2>\r\n                            <\/div>\r\n                                                        <div class=\"service-four-icons service-icon-right\">\r\n                                                                                                        <a href=\"https:\/\/wiretech.hr\/hr\/industrija-nafte-i-plina\/\"  rel=\"nofollow\">\r\n                                                                        <i class=\" service-box-four-icon tran-04\"><\/i>\r\n                                                                        <\/a>\r\n                                                                                                <\/div>\r\n                                                    <\/div>\r\n                    <\/div>\r\n                <\/div>\r\n            <\/div>\r\n                        <\/div>\r\n        \t\t\t\t<\/div>\n\t\t\t\t<\/div>\n\t\t\t\t\t<\/div>\n\t\t<\/div>\n\t\t\t\t<div class=\"elementor-column elementor-col-33 elementor-inner-column elementor-element elementor-element-23acd2a9 elementor-hidden-tablet\" data-id=\"23acd2a9\" data-element_type=\"column\" data-e-type=\"column\">\n\t\t\t<div class=\"elementor-widget-wrap elementor-element-populated\">\n\t\t\t\t\t\t<div class=\"elementor-element elementor-element-75e57c1a elementor-widget elementor-widget-service_box\" data-id=\"75e57c1a\" data-element_type=\"widget\" data-e-type=\"widget\" data-widget_type=\"service_box.default\">\n\t\t\t\t<div class=\"elementor-widget-container\">\n\t\t\t\t\t        <div class=\"restly-service-box-wrapper\">\r\n                   \r\n            <div class=\"restly-service-four-wrapper\">\r\n                <div class=\"restly-service-four-inner\">\r\n                    <div class=\"restly-service-four-item\">\r\n                        <div class=\"service-four-image\">\r\n                            <img decoding=\"async\" width=\"550\" height=\"600\" src=\"https:\/\/wiretech.hr\/wp-content\/uploads\/2022\/06\/Building-industry.jpg\" class=\"attachment-full size-full\" alt=\"\" srcset=\"https:\/\/wiretech.hr\/wp-content\/uploads\/2022\/06\/Building-industry.jpg 550w, https:\/\/wiretech.hr\/wp-content\/uploads\/2022\/06\/Building-industry-275x300.jpg 275w\" sizes=\"(max-width: 550px) 100vw, 550px\" \/>                        <\/div>\r\n                        <div class=\"service-four-contnts\">\r\n                                                        <div class=\"service-four-title-area\">\r\n                                                                <h2 class=\"service-title-four\">\r\n                                <a href=\"https:\/\/wiretech.hr\/hr\/gradevinska-industrija\/\" rel=\"nofollow\">                                Gra\u0111evinska industrija                                <\/a>                                <\/h2>\r\n                            <\/div>\r\n                                                        <div class=\"service-four-icons service-icon-right\">\r\n                                                                                                        <a href=\"https:\/\/wiretech.hr\/hr\/gradevinska-industrija\/\"  rel=\"nofollow\">\r\n                                                                        <i class=\" service-box-four-icon tran-04\"><\/i>\r\n                                                                        <\/a>\r\n                                                                                                <\/div>\r\n                                                    <\/div>\r\n                    <\/div>\r\n                <\/div>\r\n            <\/div>\r\n                        <\/div>\r\n        \t\t\t\t<\/div>\n\t\t\t\t<\/div>\n\t\t\t\t\t<\/div>\n\t\t<\/div>\n\t\t\t\t\t<\/div>\n\t\t<\/section>\n\t\t\t\t<section class=\"elementor-section elementor-inner-section elementor-element elementor-element-122faa3a elementor-section-boxed elementor-section-height-default elementor-section-height-default\" data-id=\"122faa3a\" data-element_type=\"section\" data-e-type=\"section\">\n\t\t\t\t\t\t<div class=\"elementor-container elementor-column-gap-default\">\n\t\t\t\t\t<div class=\"elementor-column elementor-col-33 elementor-inner-column elementor-element elementor-element-366b2eca\" data-id=\"366b2eca\" data-element_type=\"column\" data-e-type=\"column\">\n\t\t\t<div class=\"elementor-widget-wrap elementor-element-populated\">\n\t\t\t\t\t\t<div class=\"elementor-element elementor-element-e9c8fb9 elementor-widget elementor-widget-service_box\" data-id=\"e9c8fb9\" data-element_type=\"widget\" data-e-type=\"widget\" data-widget_type=\"service_box.default\">\n\t\t\t\t<div class=\"elementor-widget-container\">\n\t\t\t\t\t        <div class=\"restly-service-box-wrapper\">\r\n                   \r\n            <div class=\"restly-service-four-wrapper\">\r\n                <div class=\"restly-service-four-inner\">\r\n                    <div class=\"restly-service-four-item\">\r\n                        <div class=\"service-four-image\">\r\n                            <img loading=\"lazy\" decoding=\"async\" width=\"550\" height=\"600\" src=\"https:\/\/wiretech.hr\/wp-content\/uploads\/2022\/06\/cement-sector.jpg\" class=\"attachment-full size-full\" alt=\"\" srcset=\"https:\/\/wiretech.hr\/wp-content\/uploads\/2022\/06\/cement-sector.jpg 550w, https:\/\/wiretech.hr\/wp-content\/uploads\/2022\/06\/cement-sector-275x300.jpg 275w\" sizes=\"(max-width: 550px) 100vw, 550px\" \/>                        <\/div>\r\n                        <div class=\"service-four-contnts\">\r\n                                                        <div class=\"service-four-title-area\">\r\n                                                                <h2 class=\"service-title-four\">\r\n                                <a href=\"https:\/\/wiretech.hr\/hr\/cementna-industrija\/\" rel=\"nofollow\">                                Cementna industrija                                <\/a>                                <\/h2>\r\n                            <\/div>\r\n                                                        <div class=\"service-four-icons service-icon-right\">\r\n                                                                                                        <a href=\"https:\/\/wiretech.hr\/hr\/cementna-industrija\/\"  rel=\"nofollow\">\r\n                                                                        <i class=\" service-box-four-icon tran-04\"><\/i>\r\n                                                                        <\/a>\r\n                                                                                                <\/div>\r\n                                                    <\/div>\r\n                    <\/div>\r\n                <\/div>\r\n            <\/div>\r\n                        <\/div>\r\n        \t\t\t\t<\/div>\n\t\t\t\t<\/div>\n\t\t\t\t\t<\/div>\n\t\t<\/div>\n\t\t\t\t<div class=\"elementor-column elementor-col-33 elementor-inner-column elementor-element elementor-element-6d4170ca\" data-id=\"6d4170ca\" data-element_type=\"column\" data-e-type=\"column\">\n\t\t\t<div class=\"elementor-widget-wrap elementor-element-populated\">\n\t\t\t\t\t\t<div class=\"elementor-element elementor-element-4a4cf2f6 elementor-widget elementor-widget-service_box\" data-id=\"4a4cf2f6\" data-element_type=\"widget\" data-e-type=\"widget\" data-widget_type=\"service_box.default\">\n\t\t\t\t<div class=\"elementor-widget-container\">\n\t\t\t\t\t        <div class=\"restly-service-box-wrapper\">\r\n                   \r\n            <div class=\"restly-service-four-wrapper\">\r\n                <div class=\"restly-service-four-inner\">\r\n                    <div class=\"restly-service-four-item\">\r\n                        <div class=\"service-four-image\">\r\n                            <img loading=\"lazy\" decoding=\"async\" width=\"550\" height=\"600\" src=\"https:\/\/wiretech.hr\/wp-content\/uploads\/2022\/06\/Energy-sector.jpg\" class=\"attachment-full size-full\" alt=\"\" srcset=\"https:\/\/wiretech.hr\/wp-content\/uploads\/2022\/06\/Energy-sector.jpg 550w, https:\/\/wiretech.hr\/wp-content\/uploads\/2022\/06\/Energy-sector-275x300.jpg 275w\" sizes=\"(max-width: 550px) 100vw, 550px\" \/>                        <\/div>\r\n                        <div class=\"service-four-contnts\">\r\n                                                        <div class=\"service-four-title-area\">\r\n                                                                <h2 class=\"service-title-four\">\r\n                                <a href=\"https:\/\/wiretech.hr\/hr\/energetska-industrija\/\" rel=\"nofollow\">                                Energetska industrija                                <\/a>                                <\/h2>\r\n                            <\/div>\r\n                                                        <div class=\"service-four-icons service-icon-right\">\r\n                                                                                                        <a href=\"https:\/\/wiretech.hr\/hr\/energetska-industrija\/\"  rel=\"nofollow\">\r\n                                                                        <i class=\" service-box-four-icon tran-04\"><\/i>\r\n                                                                        <\/a>\r\n                                                                                                <\/div>\r\n                                                    <\/div>\r\n                    <\/div>\r\n                <\/div>\r\n            <\/div>\r\n                        <\/div>\r\n        \t\t\t\t<\/div>\n\t\t\t\t<\/div>\n\t\t\t\t\t<\/div>\n\t\t<\/div>\n\t\t\t\t<div class=\"elementor-column elementor-col-33 elementor-inner-column elementor-element elementor-element-31b72132 elementor-hidden-tablet\" data-id=\"31b72132\" data-element_type=\"column\" data-e-type=\"column\">\n\t\t\t<div class=\"elementor-widget-wrap elementor-element-populated\">\n\t\t\t\t\t\t<div class=\"elementor-element elementor-element-4f1929f4 elementor-widget elementor-widget-service_box\" data-id=\"4f1929f4\" data-element_type=\"widget\" data-e-type=\"widget\" data-widget_type=\"service_box.default\">\n\t\t\t\t<div class=\"elementor-widget-container\">\n\t\t\t\t\t        <div class=\"restly-service-box-wrapper\">\r\n                   \r\n            <div class=\"restly-service-four-wrapper\">\r\n                <div class=\"restly-service-four-inner\">\r\n                    <div class=\"restly-service-four-item\">\r\n                        <div class=\"service-four-image\">\r\n                            <img loading=\"lazy\" decoding=\"async\" width=\"550\" height=\"600\" src=\"https:\/\/wiretech.hr\/wp-content\/uploads\/2022\/06\/food-industry-1.jpg\" class=\"attachment-full size-full\" alt=\"\" srcset=\"https:\/\/wiretech.hr\/wp-content\/uploads\/2022\/06\/food-industry-1.jpg 550w, https:\/\/wiretech.hr\/wp-content\/uploads\/2022\/06\/food-industry-1-275x300.jpg 275w\" sizes=\"(max-width: 550px) 100vw, 550px\" \/>                        <\/div>\r\n                        <div class=\"service-four-contnts\">\r\n                                                        <div class=\"service-four-title-area\">\r\n                                                                <h2 class=\"service-title-four\">\r\n                                <a href=\"https:\/\/wiretech.hr\/hr\/industrija-hrane-i-pica\/\" rel=\"nofollow\">                                Industrija hrane i pi\u0107a                                <\/a>                                <\/h2>\r\n                            <\/div>\r\n                                                        <div class=\"service-four-icons service-icon-right\">\r\n                                                                                                        <a href=\"https:\/\/wiretech.hr\/hr\/industrija-hrane-i-pica\/\"  rel=\"nofollow\">\r\n                                                                        <i class=\" service-box-four-icon tran-04\"><\/i>\r\n                                                                        <\/a>\r\n                                                                                                <\/div>\r\n                                                    <\/div>\r\n                    <\/div>\r\n                <\/div>\r\n            <\/div>\r\n                        <\/div>\r\n        \t\t\t\t<\/div>\n\t\t\t\t<\/div>\n\t\t\t\t\t<\/div>\n\t\t<\/div>\n\t\t\t\t\t<\/div>\n\t\t<\/section>\n\t\t\t\t<\/div>\n\t\t","protected":false},"excerpt":{"rendered":"<p>Wiretech Usluge Dosada\u0161nje iskustvo u \u0161irokom spektru usluga: elektrobravarski, instalaterski i monta\u017eni radovi, ispitivanja i asistencija u pu\u0161tanju u rad industrijskih pogona omogu\u0107uje nam preuzimanje zahtjevnih poslova u raznim industrijskim sektorima. Brodogra\u0111evna industrija Industrija nafte i plina Gra\u0111evinska industrija Cementna industrija Energetska industrija Industrija hrane i pi\u0107a<\/p>\n","protected":false},"author":1,"featured_media":0,"parent":0,"menu_order":0,"comment_status":"closed","ping_status":"closed","template":"blank-template.php","meta":{"_seopress_robots_primary_cat":"","_seopress_titles_title":"","_seopress_titles_desc":"","_seopress_robots_index":"","footnotes":""},"class_list":["post-7734","page","type-page","status-publish"],"_links":{"self":[{"href":"https:\/\/wiretech.hr\/hr\/wp-json\/wp\/v2\/pages\/7734","targetHints":{"allow":["GET"]}}],"collection":[{"href":"https:\/\/wiretech.hr\/hr\/wp-json\/wp\/v2\/pages"}],"about":[{"href":"https:\/\/wiretech.hr\/hr\/wp-json\/wp\/v2\/types\/page"}],"author":[{"embeddable":true,"href":"https:\/\/wiretech.hr\/hr\/wp-json\/wp\/v2\/users\/1"}],"replies":[{"embeddable":true,"href":"https:\/\/wiretech.hr\/hr\/wp-json\/wp\/v2\/comments?post=7734"}],"version-history":[{"count":0,"href":"https:\/\/wiretech.hr\/hr\/wp-json\/wp\/v2\/pages\/7734\/revisions"}],"wp:attachment":[{"href":"https:\/\/wiretech.hr\/hr\/wp-json\/wp\/v2\/media?parent=7734"}],"curies":[{"name":"wp","href":"https:\/\/api.w.org\/{rel}","templated":true}]}}